{"id":579,"date":"2018-05-24T14:04:30","date_gmt":"2018-05-24T14:04:30","guid":{"rendered":"https:\/\/lesneuroczysko.pl\/?page_id=579"},"modified":"2026-02-04T22:00:36","modified_gmt":"2026-02-04T21:00:36","slug":"rezerwacja","status":"publish","type":"page","link":"https:\/\/lesneuroczysko.pl\/en\/rezerwacja\/","title":{"rendered":"REZERWACJA"},"content":{"rendered":"<div class=\"brz brz-root__container brz-reset-all brz-root__container-page\">\n<section id=\"mfmdwkrmzh_mfmdwkrmzh\" class=\"brz-section brz-css-d-section brz-css-34w417\">\n<div class=\"brz-section__content brz-section--boxed brz-css-d-sectionitem-bg brz-css-1bj5m15\" data-brz-custom-id=\"ylerirwadz\">\n<div class=\"brz-bg\">\n<div class=\"brz-bg-image\"><\/div>\n<\/div>\n<div class=\"brz-container brz-css-d-sectionitem-container brz-css-1rjcvnn\">\n<div id=\"\" class=\"brz-css-d-wrapper brz-css-r-wrapper brz-css-1q085j4 brz-wrapper\">\n<div class=\"brz-spacer brz-css-d-spacer brz-css-umecr7\"><\/div>\n<\/div>\n<\/div>\n<\/div>\n<\/section>\n<section id=\"nkwqtdjdlv_nkwqtdjdlv\" class=\"brz-section brz-css-d-section brz-css-z43pl4\">\n<div class=\"brz-section__content brz-section--boxed brz-css-d-sectionitem-bg brz-css-atb5ig\" data-brz-custom-id=\"keulhnopjz\">\n<div class=\"brz-bg\">\n<div class=\"brz-bg-color\"><\/div>\n<\/div>\n<div class=\"brz-container brz-css-d-sectionitem-container brz-css-1yx5xv4\">\n<div id=\"\" data-brz-iteration-count=\"1\" class=\"brz-css-d-wrapper brz-css-fig96e brz-wrapper brz-animated brz-css-d-wrapper-animation-fadeinup-900-0-false brz-css-1g5jfym\" data-animationid=\"evxbffbbqu\">\n<div class=\"brz-rich-text brz-rich-text__custom brz-css-d-richtext brz-css-1283m2i\" data-brz-custom-id=\"jwcqaqxphb\">\n<div data-brz-translate-text=\"1\">\n<h1 class=\"brz-tp-lg-heading1 brz-fsft-lg-0 brz-fwdth-lg-100 brz-vfw-lg-400 brz-lh-lg-1_4 brz-ls-lg-m_3 brz-fw-lg-400 brz-fss-lg-px brz-fs-lg-46 brz-ft-google brz-ff-marcellus brz-text-lg-center brz-css-mfyjb\" data-generated-css=\"brz-css-aSmRu\" data-uniq-id=\"cpSzz\">Zarezerwuj sw\u00f3j pobyt&nbsp;w Bieszczadach<\/h1>\n<\/div>\n<\/div>\n<\/div>\n<div id=\"\" data-brz-iteration-count=\"1\" class=\"brz-css-d-wrapper brz-css-18wljkb brz-wrapper brz-animated brz-css-d-wrapper-animation-fadeinup-900-0-false brz-css-pqmv6z\" data-animationid=\"rltlrjybph\">\n<div class=\"brz-rich-text brz-rich-text__custom brz-css-d-richtext brz-css-12w2ts4\" data-brz-custom-id=\"ujcnewdjoj\">\n<div data-brz-translate-text=\"1\">\n<p class=\"brz-text-lg-center brz-tp-lg-subtitle brz-css-pK9dw\" data-uniq-id=\"bm2Xc\" data-generated-css=\"brz-css-sK2wl\"><strong class=\"brz-cp-color6\">WYBIERZ TERMIN PONI\u017bEJ LUB WYPE\u0141NIJ FORMULARZ KONTAKTOWY<\/strong><\/p>\n<\/div>\n<\/div>\n<\/div>\n<div id=\"\" class=\"brz-css-d-wrapper brz-css-100f0p7 brz-wrapper\">\n<div class=\"brz-line brz-line-default brz-css-d-line\" data-brz-custom-id=\"gdozmllghhdnxpefuyqsfdryufmcmpmhalza\">\n<hr class=\"brz-hr\"><\/div>\n<\/div>\n<div class=\"brz-row__container brz-css-d-row-row brz-css-18fn7k1\" data-brz-custom-id=\"k_p_GBJJ_AGk\">\n<div class=\"brz-row brz-css-d-row-container brz-css-17kh097\">\n<div class=\"brz-columns brz-css-d-column-column brz-css-1dbyfoz\" data-brz-custom-id=\"ng0e90ddNL3M\">\n<div class=\"brz-column__items brz-css-d-column-bg brz-css-17ulnqy\">\n<div id=\"\" class=\"brz-css-d-wrapper brz-css-17i0sgg brz-wrapper\">\n<div class=\"brz-wp-shortcode brz-css-d-wpcustomshortcode brz-css-1yynovl\" data-brz-custom-id=\"fL3To_HnEszA\">\n<div>\n<div id=\"hotresContainer\"><\/div>\n<p>window.addEventListener(&#8217;load&#8217;, (event) =&gt;<br \/>\n{<br \/>\ncreateHotres({&#8222;oid&#8221;:2353,&#8221;lang&#8221;:&#8221;pl&#8221;});<br \/>\n});\n<\/p><\/div>\n<\/div>\n<\/div>\n<\/div>\n<\/div>\n<\/div>\n<\/div>\n<div id=\"\" class=\"brz-css-d-wrapper brz-css-r-wrapper brz-css-1285q8w brz-wrapper\">\n<div class=\"brz-spacer brz-css-d-spacer brz-css-q9ldm0\"><\/div>\n<\/div>\n<div id=\"\" class=\"brz-css-d-wrapper brz-css-14grg8r brz-wrapper\">\n<div class=\"brz-rich-text brz-rich-text__custom brz-css-d-richtext brz-css-hmlrqh\" data-brz-custom-id=\"fpOloEJBnaZc\">\n<div data-brz-translate-text=\"1\">\n<p class=\"brz-tp-lg-paragraph brz-css-rciUe\" data-uniq-id=\"vjV9A\" data-generated-css=\"brz-css-duEMF\">FORMULARZ KONTAKTOWY  <\/p>\n<\/div>\n<\/div>\n<\/div>\n<div id=\"\" class=\"brz-css-d-wrapper brz-css-nq2ftb brz-wrapper\">\n<div class=\"brz-forms brz-css-d-form-form brz-css-2jj02\" data-brz-form-version=\"1\" data-brz-custom-id=\"vpfsmhovee\">\n<div class=\"brz-forms__fields brz-css-d-formfields-fields brz-css-1rztbj6\">\n<div class=\"brz-forms__item brz-css-d-formfield brz-css-1d9ryc7\"><\/div>\n<div class=\"brz-forms__item brz-css-d-formfield brz-css-ee6mhf\"><\/div>\n<div class=\"brz-forms__item brz-css-d-formfield brz-css-1rrjbvq\"><\/div>\n<div class=\"brz-forms__item brz-css-d-formfield brz-css-1i3vwhj\"><textarea class=\"brz-textarea brz-forms__field\" id=\"ojucdxpkan\" name=\"ojucdxpkan\" data-brz-type=\"Paragraph\" data-brz-label=\"Wiadomo\u015b\u0107\"><\/textarea><\/div>\n<\/div>\n<p><button class=\"brz-btn brz-btn-submit brz-css-d-button-bg brz-css-1axq7vi\" data-brz-custom-id=\"btipvryqcx\"><span data-brz-translate-text=\"1\" class=\"brz-span brz-text__editor\">WY\u015aLIJ<\/span><\/button><\/p>\n<div class=\"brz-g-recaptcha\" data-sitekey=\"\" data-size=\"invisible\" data-callback=\"brzFormV1Captcha\"><\/div>\n<\/div>\n<\/div>\n<div id=\"\" class=\"brz-css-d-wrapper brz-css-n8ikjg brz-wrapper\">\n<div class=\"brz-line brz-line-default brz-css-d-line brz-css-1u79uve\" data-brz-custom-id=\"lvrqrandhv\">\n<hr class=\"brz-hr\"><\/div>\n<\/div>\n<div id=\"\" class=\"brz-css-d-wrapper brz-css-kifw59 brz-wrapper\">\n<div class=\"brz-rich-text brz-rich-text__custom brz-css-d-richtext brz-css-1jr3fvb\" data-brz-custom-id=\"urndvefyso\">\n<div data-brz-translate-text=\"1\">\n<h1 class=\"brz-lh-xs-2_4 brz-lh-sm-NaN brz-text-lg-center brz-fs-sm-undefined brz-fs-xs-15 brz-ls-sm-undefined brz-ls-xs-0 brz-fw-sm-undefined brz-bcp-color7 brz-fw-xs-300 brz-tp-lg-empty brz-ff-jost brz-ft-google brz-fs-lg-16 brz-fss-lg-px brz-fw-lg-400 brz-ls-lg-0 brz-lh-lg-1_3 brz-vfw-lg-400 brz-fwdth-lg-100 brz-fsft-lg-0 brz-css-vUWqa\" data-uniq-id=\"s6dil\" data-generated-css=\"brz-css-boyZP\"><strong class=\"brz-cp-color2\">LE\u015aNE UROCZYSKO &#8211; DOM NA WYNAJEM W BIESZCZADACH<\/strong><\/h1>\n<p class=\"brz-text-lg-center brz-lh-xs-2_4 brz-lh-sm-NaN brz-fs-sm-undefined brz-fs-xs-15 brz-ls-sm-undefined brz-ls-xs-0 brz-fw-sm-undefined brz-bcp-color7 brz-fw-xs-300 brz-tp-lg-empty brz-ff-jost brz-ft-google brz-fs-lg-16 brz-fss-lg-px brz-fw-lg-400 brz-ls-lg-0 brz-lh-lg-1_3 brz-vfw-lg-400 brz-fwdth-lg-100 brz-fsft-lg-0 brz-css-dW5i4\" data-uniq-id=\"gmjpN\" data-generated-css=\"brz-css-ylyIl\"><span class=\"brz-cp-color2\"> KONTAKT DO REZERWACJI BEZPO\u015aREDNIEJ&nbsp;<\/span><\/p>\n<p class=\"brz-text-lg-center brz-tp-lg-empty brz-ff-jost brz-ft-google brz-fs-lg-16 brz-fss-lg-px brz-fw-lg-400 brz-ls-lg-0 brz-lh-lg-1_3 brz-vfw-lg-400 brz-fwdth-lg-100 brz-fsft-lg-0 brz-css-fTzVw\" data-uniq-id=\"iE_pm\" data-generated-css=\"brz-css-iga14\"><strong class=\"brz-cp-color2\"> <\/strong><\/p>\n<p class=\"brz-text-lg-center brz-tp-lg-empty brz-ff-jost brz-ft-google brz-fs-lg-16 brz-fss-lg-px brz-fw-lg-400 brz-ls-lg-0 brz-lh-lg-1_3 brz-vfw-lg-400 brz-fwdth-lg-100 brz-fsft-lg-0 brz-css-ane5t\" data-uniq-id=\"sJrwa\" data-generated-css=\"brz-css-zcuTu\"><span class=\"brz-cp-color2 brz-span\"><strong>+48 604 137 300<\/strong><\/span><\/p>\n<p class=\"brz-text-lg-center brz-tp-lg-empty brz-ff-jost brz-ft-google brz-fs-lg-16 brz-fss-lg-px brz-fw-lg-400 brz-ls-lg-0 brz-lh-lg-1_3 brz-vfw-lg-400 brz-fwdth-lg-100 brz-fsft-lg-0 brz-css-piB4D\" data-uniq-id=\"icJsU\" data-generated-css=\"brz-css-kxWZp\"><strong class=\"brz-cp-color2\">uroczysko@lesneuroczysko.pl&nbsp;<\/strong><\/p>\n<p class=\"brz-text-lg-center brz-tp-lg-empty brz-ff-jost brz-ft-google brz-fs-lg-16 brz-fss-lg-px brz-fw-lg-400 brz-ls-lg-0 brz-lh-lg-1_3 brz-vfw-lg-400 brz-fwdth-lg-100 brz-fsft-lg-0 brz-css-jnPLc\" data-uniq-id=\"fF2Aa\" data-generated-css=\"brz-css-pi6Mj\"><strong class=\"brz-cp-color2\"> <\/strong><\/p>\n<p class=\"brz-text-lg-center brz-tp-lg-empty brz-ff-jost brz-ft-google brz-fs-lg-16 brz-fss-lg-px brz-fw-lg-400 brz-ls-lg-0 brz-lh-lg-1_3 brz-vfw-lg-400 brz-fwdth-lg-100 brz-fsft-lg-0 brz-css-ljHhX\" data-uniq-id=\"cYJ_P\" data-generated-css=\"brz-css-kxuy0\"><span class=\"brz-cp-color2\">Po potwierdzeniu przez nas dost\u0119pno\u015bci terminu prosimy o dokonanie wp\u0142aty zadatku w wysoko\u015bci 30% ceny pobytu.&nbsp;<\/span><\/p>\n<p class=\"brz-text-lg-center brz-tp-lg-empty brz-ff-jost brz-ft-google brz-fs-lg-16 brz-fss-lg-px brz-fw-lg-400 brz-ls-lg-0 brz-lh-lg-1_3 brz-vfw-lg-400 brz-fwdth-lg-100 brz-fsft-lg-0 brz-css-qAys7\" data-uniq-id=\"gmLCi\" data-generated-css=\"brz-css-z_NMO\"><span class=\"brz-cp-color2\">Rezerwacja jest potwierdzona po wp\u0142acie pe\u0142nej kwoty zadatku w przeci\u0105gu trzech dni od za\u0142o\u017cenia rezerwacji. <\/span><\/p>\n<p class=\"brz-text-lg-center brz-tp-lg-empty brz-ff-jost brz-ft-google brz-fs-lg-16 brz-fss-lg-px brz-fw-lg-400 brz-ls-lg-0 brz-lh-lg-1_3 brz-vfw-lg-400 brz-fwdth-lg-100 brz-fsft-lg-0 brz-css-anu_P\" data-uniq-id=\"npdzl\" data-generated-css=\"brz-css-zOZKp\"><span class=\"brz-cp-color2\"> <\/span><\/p>\n<p class=\"brz-text-lg-center brz-tp-lg-empty brz-ff-jost brz-ft-google brz-fs-lg-16 brz-fss-lg-px brz-fw-lg-400 brz-ls-lg-0 brz-lh-lg-1_3 brz-vfw-lg-400 brz-fwdth-lg-100 brz-fsft-lg-0 brz-css-oDV3h\" data-uniq-id=\"lTQb_\" data-generated-css=\"brz-css-dZuDm\"><span class=\"brz-cp-color2\"> Nr konta bankowego:&nbsp;<\/span><\/p>\n<p class=\"brz-text-lg-center brz-tp-lg-empty brz-ff-jost brz-ft-google brz-fs-lg-16 brz-fss-lg-px brz-fw-lg-400 brz-ls-lg-0 brz-lh-lg-1_3 brz-vfw-lg-400 brz-fwdth-lg-100 brz-fsft-lg-0 brz-css-hcDp7\" data-uniq-id=\"r0FYy\" data-generated-css=\"brz-css-l9Zvh\"><strong class=\"brz-cp-color2\">54 1020 2980 0000 2502 0095 6037<\/strong><span class=\"brz-cp-color2\"> <\/span><\/p>\n<p class=\"brz-text-lg-center brz-tp-lg-empty brz-ff-jost brz-ft-google brz-fs-lg-16 brz-fss-lg-px brz-fw-lg-400 brz-ls-lg-0 brz-lh-lg-1_3 brz-vfw-lg-400 brz-fwdth-lg-100 brz-fsft-lg-0 brz-css-a4ipv\" data-uniq-id=\"uctde\" data-generated-css=\"brz-css-sjyoB\"><span class=\"brz-cp-color2\"> <\/span><\/p>\n<p class=\"brz-text-lg-center brz-tp-lg-empty brz-ff-jost brz-ft-google brz-fs-lg-16 brz-fss-lg-px brz-fw-lg-400 brz-ls-lg-0 brz-lh-lg-1_3 brz-vfw-lg-400 brz-fwdth-lg-100 brz-fsft-lg-0 brz-css-kNCAJ\" data-uniq-id=\"yb2gi\" data-generated-css=\"brz-css-o_ThN\"><span class=\"brz-cp-color2\">Wystawiamy faktury VAT<\/span><\/p>\n<p class=\"brz-text-lg-center brz-tp-lg-empty brz-ff-jost brz-ft-google brz-fs-lg-16 brz-fss-lg-px brz-fw-lg-400 brz-ls-lg-0 brz-lh-lg-1_3 brz-vfw-lg-400 brz-fwdth-lg-100 brz-fsft-lg-0 brz-css-c2qYs\" data-uniq-id=\"hISS7\" data-generated-css=\"brz-css-sp2mc\"><strong class=\"brz-cp-color2\">Cena zawiera podatek VAT 8%<\/strong><span class=\"brz-cp-color2\">.<\/span><\/p>\n<p class=\"brz-text-lg-center brz-tp-lg-empty brz-ff-jost brz-ft-google brz-fs-lg-16 brz-fss-lg-px brz-fw-lg-400 brz-ls-lg-0 brz-lh-lg-1_3 brz-vfw-lg-400 brz-fwdth-lg-100 brz-fsft-lg-0 brz-css-rDOtG\" data-uniq-id=\"o3J2R\" data-generated-css=\"brz-css-kvD36\"><span class=\"brz-cp-color2\">W przypadku ch\u0119ci otrzymania faktury VAT na firm\u0119 zamiast paragonu fiskalnego prosimy o podanie danych do wystawienia faktury w wiadomo\u015bci w czasie rezerwacji aby kwota zadatku r\u00f3wnie\u017c zosta\u0142a obj\u0119ta faktur\u0105.<\/span><\/p>\n<p class=\"brz-tp-lg-empty brz-ff-jost brz-ft-google brz-fs-lg-16 brz-fss-lg-px brz-fw-lg-400 brz-ls-lg-0 brz-lh-lg-1_3 brz-vfw-lg-400 brz-fwdth-lg-100 brz-fsft-lg-0 brz-css-jjlzi\" data-uniq-id=\"petL0\" data-generated-css=\"brz-css-k1vN8\"><\/p>\n<p class=\"brz-text-lg-center brz-tp-lg-empty brz-ff-jost brz-ft-google brz-fs-lg-16 brz-fss-lg-px brz-fw-lg-400 brz-ls-lg-0 brz-lh-lg-1_3 brz-vfw-lg-400 brz-fwdth-lg-100 brz-fsft-lg-0 brz-css-rXLCd\" data-uniq-id=\"mq72L\" data-generated-css=\"brz-css-spE35\"><span class=\"brz-cp-color2\"> <\/span><strong class=\"brz-cp-color2\">WARUNKI REZERWACJI | P\u0141ATNO\u015aCI | ANULACJI<\/strong><\/p>\n<p class=\"brz-text-lg-center brz-tp-lg-empty brz-ff-jost brz-ft-google brz-fs-lg-16 brz-fss-lg-px brz-fw-lg-400 brz-ls-lg-0 brz-lh-lg-1_3 brz-vfw-lg-400 brz-fwdth-lg-100 brz-fsft-lg-0 brz-css-xV7MH\" data-uniq-id=\"hpJgW\" data-generated-css=\"brz-css-kHjyD\"><span class=\"brz-cp-color2\">Zapraszamy do zapoznania si\u0119 z<\/span><a class=\"link--external brz-cp-color2\" href=\"https:\/\/lesneuroczysko.pl\/en\/regulamin\/\" data-brz-link-type=\"external\" target=\"_blank\" rel=\"noreferrer noopener\"> <\/a><a class=\"link--external brz-cp-color2 brz-scp-color8\" href=\"https:\/\/lesneuroczysko.pl\/en\/regulamin\/\" data-brz-link-type=\"external\" target=\"_blank\" rel=\"noreferrer noopener\"><strong>REGULAMINEM <\/strong><\/a><\/p>\n<\/div>\n<\/div>\n<\/div>\n<\/div>\n<\/div>\n<\/section><\/div>\n<p><!-- version:1764623384 --><\/p>","protected":false},"excerpt":{"rendered":"<p>Zarezerwuj sw\u00f3j pobyt&nbsp;w Bieszczadach WYBIERZ TERMIN PONI\u017bEJ LUB WYPE\u0141NIJ FORMULARZ KONTAKTOWY window.addEventListener(&#8217;load&#8217;, (event) =&gt; { createHotres({&#8222;oid&#8221;:2353,&#8221;lang&#8221;:&#8221;pl&#8221;}); }); FORMULARZ KONTAKTOWY WY\u015aLIJ LE\u015aNE UROCZYSKO &#8211; DOM NA WYNAJEM W BIESZCZADACH KONTAKT DO REZERWACJI BEZPO\u015aREDNIEJ&nbsp; +48 604 137 300 uroczysko@lesneuroczysko.pl&nbsp; Po potwierdzeniu przez nas dost\u0119pno\u015bci terminu prosimy o dokonanie wp\u0142aty zadatku w wysoko\u015bci 30% ceny pobytu.&nbsp; Rezerwacja jest [&hellip;]<\/p>","protected":false},"author":1,"featured_media":0,"parent":0,"menu_order":0,"comment_status":"closed","ping_status":"closed","template":"visual-builder-template.php","meta":{"footnotes":""},"class_list":["post-579","page","type-page","status-publish","hentry"],"yoast_head":"<!-- This site is optimized with the Yoast SEO plugin v26.9 - https:\/\/yoast.com\/product\/yoast-seo-wordpress\/ -->\n<title>Le\u015bne uroczysko &#183; Bieszczady &#183; Zarezerwuj dom<\/title>\n<meta name=\"description\" content=\"Le\u015bne uroczysko - wymarzony urlop w malowniczych Bieszczadach! Ju\u017c dzi\u015b zarezerwuj dom na odludziu. Obiekt ca\u0142oroczny. Zapraszamy do kontaktu\" \/>\n<meta name=\"robots\" content=\"index, follow, max-snippet:-1, max-image-preview:large, max-video-preview:-1\" \/>\n<link rel=\"canonical\" href=\"https:\/\/lesneuroczysko.pl\/en\/rezerwacja\/\" \/>\n<meta property=\"og:locale\" content=\"en_US\" \/>\n<meta property=\"og:type\" content=\"article\" \/>\n<meta property=\"og:title\" content=\"Le\u015bne uroczysko &#183; Bieszczady &#183; Zarezerwuj dom\" \/>\n<meta property=\"og:description\" content=\"Le\u015bne uroczysko - wymarzony urlop w malowniczych Bieszczadach! Ju\u017c dzi\u015b zarezerwuj dom na odludziu. Obiekt ca\u0142oroczny. Zapraszamy do kontaktu\" \/>\n<meta property=\"og:url\" content=\"https:\/\/lesneuroczysko.pl\/en\/rezerwacja\/\" \/>\n<meta property=\"og:site_name\" content=\"Le\u015bne uroczysko\" \/>\n<meta property=\"article:publisher\" content=\"https:\/\/www.facebook.com\/LesneUroczyskoBieszczady\/\" \/>\n<meta property=\"article:modified_time\" content=\"2026-02-04T21:00:36+00:00\" \/>\n<meta name=\"twitter:card\" content=\"summary_large_image\" \/>\n<meta name=\"twitter:label1\" content=\"Est. reading time\" \/>\n\t<meta name=\"twitter:data1\" content=\"1 minute\" \/>\n<script type=\"application\/ld+json\" class=\"yoast-schema-graph\">{\"@context\":\"https:\/\/schema.org\",\"@graph\":[{\"@type\":\"WebPage\",\"@id\":\"https:\/\/lesneuroczysko.pl\/rezerwacja\/\",\"url\":\"https:\/\/lesneuroczysko.pl\/rezerwacja\/\",\"name\":\"Le\u015bne uroczysko &#183; Bieszczady &#183; Zarezerwuj dom\",\"isPartOf\":{\"@id\":\"https:\/\/lesneuroczysko.pl\/#website\"},\"datePublished\":\"2018-05-24T14:04:30+00:00\",\"dateModified\":\"2026-02-04T21:00:36+00:00\",\"description\":\"Le\u015bne uroczysko - wymarzony urlop w malowniczych Bieszczadach! Ju\u017c dzi\u015b zarezerwuj dom na odludziu. Obiekt ca\u0142oroczny. Zapraszamy do kontaktu\",\"breadcrumb\":{\"@id\":\"https:\/\/lesneuroczysko.pl\/rezerwacja\/#breadcrumb\"},\"inLanguage\":\"en-US\",\"potentialAction\":[{\"@type\":\"ReadAction\",\"target\":[\"https:\/\/lesneuroczysko.pl\/rezerwacja\/\"]}]},{\"@type\":\"BreadcrumbList\",\"@id\":\"https:\/\/lesneuroczysko.pl\/rezerwacja\/#breadcrumb\",\"itemListElement\":[{\"@type\":\"ListItem\",\"position\":1,\"name\":\"Strona g\u0142\u00f3wna\",\"item\":\"https:\/\/lesneuroczysko.pl\/\"},{\"@type\":\"ListItem\",\"position\":2,\"name\":\"REZERWACJA\"}]},{\"@type\":\"WebSite\",\"@id\":\"https:\/\/lesneuroczysko.pl\/#website\",\"url\":\"https:\/\/lesneuroczysko.pl\/\",\"name\":\"Le\u015bne uroczysko\",\"description\":\"Urlop z natur\u0105. Dom w Bieszczadach\",\"publisher\":{\"@id\":\"https:\/\/lesneuroczysko.pl\/#organization\"},\"potentialAction\":[{\"@type\":\"SearchAction\",\"target\":{\"@type\":\"EntryPoint\",\"urlTemplate\":\"https:\/\/lesneuroczysko.pl\/?s={search_term_string}\"},\"query-input\":{\"@type\":\"PropertyValueSpecification\",\"valueRequired\":true,\"valueName\":\"search_term_string\"}}],\"inLanguage\":\"en-US\"},{\"@type\":\"Organization\",\"@id\":\"https:\/\/lesneuroczysko.pl\/#organization\",\"name\":\"Le\u015bne uroczysko\",\"url\":\"https:\/\/lesneuroczysko.pl\/\",\"logo\":{\"@type\":\"ImageObject\",\"inLanguage\":\"en-US\",\"@id\":\"https:\/\/lesneuroczysko.pl\/#\/schema\/logo\/image\/\",\"url\":\"https:\/\/lesneuroczysko.pl\/wp-content\/uploads\/2023\/06\/LU-logotyp-e1687115845907.png\",\"contentUrl\":\"https:\/\/lesneuroczysko.pl\/wp-content\/uploads\/2023\/06\/LU-logotyp-e1687115845907.png\",\"width\":340,\"height\":347,\"caption\":\"Le\u015bne uroczysko\"},\"image\":{\"@id\":\"https:\/\/lesneuroczysko.pl\/#\/schema\/logo\/image\/\"},\"sameAs\":[\"https:\/\/www.facebook.com\/LesneUroczyskoBieszczady\/\",\"https:\/\/www.instagram.com\/lesneuroczysko\/\"]}]}<\/script>\n<!-- \/ Yoast SEO plugin. -->","yoast_head_json":{"title":"Le\u015bne uroczysko &#183; Bieszczady &#183; Zarezerwuj dom","description":"Le\u015bne uroczysko - wymarzony urlop w malowniczych Bieszczadach! Ju\u017c dzi\u015b zarezerwuj dom na odludziu. Obiekt ca\u0142oroczny. Zapraszamy do kontaktu","robots":{"index":"index","follow":"follow","max-snippet":"max-snippet:-1","max-image-preview":"max-image-preview:large","max-video-preview":"max-video-preview:-1"},"canonical":"https:\/\/lesneuroczysko.pl\/en\/rezerwacja\/","og_locale":"en_US","og_type":"article","og_title":"Le\u015bne uroczysko &#183; Bieszczady &#183; Zarezerwuj dom","og_description":"Le\u015bne uroczysko - wymarzony urlop w malowniczych Bieszczadach! Ju\u017c dzi\u015b zarezerwuj dom na odludziu. Obiekt ca\u0142oroczny. Zapraszamy do kontaktu","og_url":"https:\/\/lesneuroczysko.pl\/en\/rezerwacja\/","og_site_name":"Le\u015bne uroczysko","article_publisher":"https:\/\/www.facebook.com\/LesneUroczyskoBieszczady\/","article_modified_time":"2026-02-04T21:00:36+00:00","twitter_card":"summary_large_image","twitter_misc":{"Est. reading time":"1 minute"},"schema":{"@context":"https:\/\/schema.org","@graph":[{"@type":"WebPage","@id":"https:\/\/lesneuroczysko.pl\/rezerwacja\/","url":"https:\/\/lesneuroczysko.pl\/rezerwacja\/","name":"Le\u015bne uroczysko &#183; Bieszczady &#183; Zarezerwuj dom","isPartOf":{"@id":"https:\/\/lesneuroczysko.pl\/#website"},"datePublished":"2018-05-24T14:04:30+00:00","dateModified":"2026-02-04T21:00:36+00:00","description":"Le\u015bne uroczysko - wymarzony urlop w malowniczych Bieszczadach! Ju\u017c dzi\u015b zarezerwuj dom na odludziu. Obiekt ca\u0142oroczny. Zapraszamy do kontaktu","breadcrumb":{"@id":"https:\/\/lesneuroczysko.pl\/rezerwacja\/#breadcrumb"},"inLanguage":"en-US","potentialAction":[{"@type":"ReadAction","target":["https:\/\/lesneuroczysko.pl\/rezerwacja\/"]}]},{"@type":"BreadcrumbList","@id":"https:\/\/lesneuroczysko.pl\/rezerwacja\/#breadcrumb","itemListElement":[{"@type":"ListItem","position":1,"name":"Strona g\u0142\u00f3wna","item":"https:\/\/lesneuroczysko.pl\/"},{"@type":"ListItem","position":2,"name":"REZERWACJA"}]},{"@type":"WebSite","@id":"https:\/\/lesneuroczysko.pl\/#website","url":"https:\/\/lesneuroczysko.pl\/","name":"Le\u015bne uroczysko","description":"Urlop z natur\u0105. Dom w Bieszczadach","publisher":{"@id":"https:\/\/lesneuroczysko.pl\/#organization"},"potentialAction":[{"@type":"SearchAction","target":{"@type":"EntryPoint","urlTemplate":"https:\/\/lesneuroczysko.pl\/?s={search_term_string}"},"query-input":{"@type":"PropertyValueSpecification","valueRequired":true,"valueName":"search_term_string"}}],"inLanguage":"en-US"},{"@type":"Organization","@id":"https:\/\/lesneuroczysko.pl\/#organization","name":"Le\u015bne uroczysko","url":"https:\/\/lesneuroczysko.pl\/","logo":{"@type":"ImageObject","inLanguage":"en-US","@id":"https:\/\/lesneuroczysko.pl\/#\/schema\/logo\/image\/","url":"https:\/\/lesneuroczysko.pl\/wp-content\/uploads\/2023\/06\/LU-logotyp-e1687115845907.png","contentUrl":"https:\/\/lesneuroczysko.pl\/wp-content\/uploads\/2023\/06\/LU-logotyp-e1687115845907.png","width":340,"height":347,"caption":"Le\u015bne uroczysko"},"image":{"@id":"https:\/\/lesneuroczysko.pl\/#\/schema\/logo\/image\/"},"sameAs":["https:\/\/www.facebook.com\/LesneUroczyskoBieszczady\/","https:\/\/www.instagram.com\/lesneuroczysko\/"]}]}},"brizy_media":[{"id":96677,"url":"https:\/\/lesneuroczysko.pl\/wp-content\/uploads\/2020\/02\/Magiczne-miejsce-_-Les\u0301ne-uroczysko-Bieszczady-dom-z-bali-7388.jpg","name":"Magiczne-miejsce-_-Les\u0301ne-uroczysko-Bieszczady-dom-z-bali-7388.jpg","meta":{"brizy_attachment_uid":"wp-88447ffcfe9166428fd6e7c4e60ad484","brizy_post_uid":["0e5c562c288f3dff2d03d38649f0d50e"]}},{"id":97921,"url":"https:\/\/lesneuroczysko.pl\/wp-content\/uploads\/2020\/09\/Kraina-Wetlina.jpg","name":"Kraina-Wetlina.jpg","meta":{"brizy_attachment_uid":"wp-899d2a5679a415023070f64e708cfc93.jpg","brizy_post_uid":["7ae99c25d45f2c7ccc5ddf52cc56201a","0e5c562c288f3dff2d03d38649f0d50e"]}},{"id":98904,"url":"https:\/\/lesneuroczysko.pl\/wp-content\/uploads\/2022\/01\/Les\u0301ne-uroczysko_Bieszczady_WOS\u0301P.jpg","name":"Les\u0301ne-uroczysko_Bieszczady_WOS\u0301P.jpg","meta":{"brizy_attachment_uid":"wp-90962f36c8c639a27b501b8b830c2bc7.jpg","brizy_post_uid":["0e5c562c288f3dff2d03d38649f0d50e"]}},{"id":99555,"url":"https:\/\/lesneuroczysko.pl\/wp-content\/uploads\/2023\/10\/Kraina-Wetlina-domki-i-apartamenty-w-Bieszczadach-275.png","name":"Kraina-Wetlina-domki-i-apartamenty-w-Bieszczadach-275.png","meta":{"brizy_attachment_uid":"wp-8dfc56851933bb32c3f60d67c67799fa.png","brizy_post_uid":["0e5c562c288f3dff2d03d38649f0d50e","b93dc2f70bec3c81dc0f6c791eacf029"]}}],"_links":{"self":[{"href":"https:\/\/lesneuroczysko.pl\/en\/wp-json\/wp\/v2\/pages\/579","targetHints":{"allow":["GET"]}}],"collection":[{"href":"https:\/\/lesneuroczysko.pl\/en\/wp-json\/wp\/v2\/pages"}],"about":[{"href":"https:\/\/lesneuroczysko.pl\/en\/wp-json\/wp\/v2\/types\/page"}],"author":[{"embeddable":true,"href":"https:\/\/lesneuroczysko.pl\/en\/wp-json\/wp\/v2\/users\/1"}],"replies":[{"embeddable":true,"href":"https:\/\/lesneuroczysko.pl\/en\/wp-json\/wp\/v2\/comments?post=579"}],"version-history":[{"count":30,"href":"https:\/\/lesneuroczysko.pl\/en\/wp-json\/wp\/v2\/pages\/579\/revisions"}],"predecessor-version":[{"id":100243,"href":"https:\/\/lesneuroczysko.pl\/en\/wp-json\/wp\/v2\/pages\/579\/revisions\/100243"}],"wp:attachment":[{"href":"https:\/\/lesneuroczysko.pl\/en\/wp-json\/wp\/v2\/media?parent=579"}],"curies":[{"name":"wp","href":"https:\/\/api.w.org\/{rel}","templated":true}]}}